{"id":74,"date":"2019-05-28T22:56:44","date_gmt":"2019-05-28T22:56:44","guid":{"rendered":"http:\/\/dki-gesellschaft.de\/?page_id=74"},"modified":"2022-03-17T09:20:18","modified_gmt":"2022-03-17T09:20:18","slug":"impressum","status":"publish","type":"page","link":"https:\/\/bp-international.info\/uk\/impressum\/","title":{"rendered":"Impressum"},"content":{"rendered":"<div class=\"vc_row wpb_row vc_row-fluid\"><div class=\"wpb_column vc_column_container vc_col-sm-12\"><div class=\"vc_column-inner\"><div class=\"wpb_wrapper\"><h1 style=\"text-align: left\" class=\"vc_custom_heading\" >Impressum<\/h1>\n\t<div class=\"wpb_text_column wpb_content_element\" >\n\t\t<div class=\"wpb_wrapper\">\n\t\t\t<h2>Angaben gem\u00e4\u00df \u00a7 5 TMG:<\/h2>\n<p>B&amp;P Projektentwicklungsgesellschaft mbH<br \/>\nWittekindstra\u00dfe 20<br \/>\n32130 Enger<\/p>\n<h3>Vertreten durch:<\/h3>\n<p>Herrn Pascal W\u00f6hrmann<\/p>\n<p>Telefon: +49 (0) 52 24 \u2013 9773621<br \/>\nTelefax: +49 (0) 52 24 \u2013 9974401<br \/>\nE-Mail: info@bp-projekt.de<\/p>\n<h3>Registereintrag:<\/h3>\n<p>Eintragung im Handelsregister.<br \/>\nRegisternummer: HRB 16799<\/p>\n<p>Steuernummer: 324\/5751\/4240<\/p>\n<p>Umsatzsteuer-Identifikationsnummer: DE326540767<\/p>\n<h3>HAFTUNGSAUSSCHLUSS (DISCLAIMER)<\/h3>\n<h5>Haftung f\u00fcr Inhalte<\/h5>\n<p>Als Diensteanbieter sind wir gem\u00e4\u00df \u00a7 7 Abs.1 TMG f\u00fcr eigene Inhalte auf diesen Seiten nach den allgemeinen Gesetzen verantwortlich. Nach \u00a7 8 bis 10 TMG sind wir als Diensteanbieter jedoch nicht verpflichtet, \u00fcbermittelte oder gespeicherte fremde Informationen zu \u00fcberwachen oder nach Umst\u00e4nden zu forschen, die auf eine rechtswidrige T\u00e4tigkeit hinweisen. Verpflichtungen zur Entfernung oder Sperrung der Nutzung von Informationen nach den allgemeinen Gesetzen bleiben hiervon unber\u00fchrt. Eine diesbez\u00fcgliche Haftung ist jedoch erst ab dem Zeitpunkt der Kenntnis einer konkreten Rechtsverletzung m\u00f6glich. Bei Bekanntwerden von entsprechenden Rechtsverletzungen werden wir diese Inhalte umgehend entfernen.<\/p>\n<h5>Haftung f\u00fcr Links<\/h5>\n<p>Unser Angebot enth\u00e4lt Links zu externen Webseiten Dritter, auf deren Inhalte wir keinen Einfluss haben. Deshalb k\u00f6nnen wir f\u00fcr diese fremden Inhalte auch keine Gew\u00e4hr \u00fcbernehmen. F\u00fcr die Inhalte der verlinkten Seiten ist stets der jeweilige Anbieter oder Betreiber der Seiten verantwortlich. Die verlinkten Seiten wurden zum Zeitpunkt der Verlinkung auf m\u00f6gliche Rechtsverst\u00f6\u00dfe \u00fcberpr\u00fcft. Rechtswidrige Inhalte waren zum Zeitpunkt der Verlinkung nicht erkennbar. Eine permanente inhaltliche Kontrolle der verlinkten Seiten ist jedoch ohne konkrete Anhaltspunkte einer Rechtsverletzung nicht zumutbar. Bei Bekanntwerden von Rechtsverletzungen werden wir derartige Links umgehend entfernen.<\/p>\n<h5>Urheberrecht<\/h5>\n<p>Die durch die Seitenbetreiber erstellten Inhalte und Werke auf diesen Seiten unterliegen dem deutschen Urheberrecht. Die Vervielf\u00e4ltigung, Bearbeitung, Verbreitung und jede Art der Verwertung au\u00c3\u0178erhalb der Grenzen des Urheberrechtes bed\u00fcrfen der schriftlichen Zustimmung des jeweiligen Autors bzw. Erstellers. Downloads und Kopien dieser Seite sind nur f\u00fcr den privaten, nicht kommerziellen Gebrauch gestattet. Soweit die Inhalte auf dieser Seite nicht vom Betreiber erstellt wurden, werden die Urheberrechte Dritter beachtet. Insbesondere werden Inhalte Dritter als solche gekennzeichnet. Sollten Sie trotzdem auf eine Urheberrechtsverletzung aufmerksam werden, bitten wir um einen entsprechenden Hinweis. Bei Bekanntwerden von Rechtsverletzungen werden wir derartige Inhalte umgehend entfernen.<\/p>\n\n\t\t<\/div>\n\t<\/div>\n<\/div><\/div><\/div><\/div>","protected":false},"excerpt":{"rendered":"Impressum Angaben gem\u00e4\u00df \u00a7 5 TMG: B&amp;P Projektentwicklungsgesellschaft mbH Wittekindstra\u00dfe 20 32130 Enger Vertreten durch: Herrn Pascal W\u00f6hrmann Telefon: +49 (0) 52 24 \u2013 9773621 Telefax: +49 (0) 52 24 \u2013 9974401 E-Mail: info@bp-projekt.de Registereintrag: Eintragung im Handelsregister. Registernummer: HRB 16799 Steuernummer: 324\/5751\/4240 Umsatzsteuer-Identifikationsnummer: DE326540767 HAFTUNGSAUSSCHLUSS (DISCLAIMER) Haftung f\u00fcr Inhalte Als Diensteanbieter sind wir gem\u00e4\u00df [...]","protected":false},"author":1,"featured_media":0,"parent":0,"menu_order":0,"comment_status":"closed","ping_status":"closed","template":"","meta":[],"yoast_head":"<!-- This site is optimized with the Yoast SEO plugin v18.5.1 - https:\/\/yoast.com\/wordpress\/plugins\/seo\/ -->\n<title>Impressum - B&amp;P | Projektentwicklungsgesellschaft mbH<\/title>\n<meta name=\"robots\" content=\"index, follow, max-snippet:-1, max-image-preview:large, max-video-preview:-1\" \/>\n<link rel=\"canonical\" href=\"https:\/\/bp-international.info\/uk\/impressum\/\" \/>\n<meta property=\"og:locale\" content=\"uk_UA\" \/>\n<meta property=\"og:type\" content=\"article\" \/>\n<meta property=\"og:title\" content=\"Impressum - B&amp;P | Projektentwicklungsgesellschaft mbH\" \/>\n<meta property=\"og:url\" content=\"https:\/\/bp-international.info\/uk\/impressum\/\" \/>\n<meta property=\"og:site_name\" content=\"B&amp;P | Projektentwicklungsgesellschaft mbH\" \/>\n<meta property=\"article:modified_time\" content=\"2022-03-17T09:20:18+00:00\" \/>\n<meta name=\"twitter:card\" content=\"summary_large_image\" \/>\n<meta name=\"twitter:label1\" content=\"\u041f\u0440\u0438\u0431\u043b. \u0447\u0430\u0441 \u0447\u0438\u0442\u0430\u043d\u043d\u044f\" \/>\n\t<meta name=\"twitter:data1\" content=\"2 \u0445\u0432\u0438\u043b\u0438\u043d\u0438\" \/>\n<script type=\"application\/ld+json\" class=\"yoast-schema-graph\">{\"@context\":\"https:\/\/schema.org\",\"@graph\":[{\"@type\":\"WebSite\",\"@id\":\"https:\/\/bp-international.info\/#website\",\"url\":\"https:\/\/bp-international.info\/\",\"name\":\"B&amp;P | Projektentwicklungsgesellschaft mbH\",\"description\":\"Planen - Bauen - Finanzieren - Vermarkten\",\"potentialAction\":[{\"@type\":\"SearchAction\",\"target\":{\"@type\":\"EntryPoint\",\"urlTemplate\":\"https:\/\/bp-international.info\/?s={search_term_string}\"},\"query-input\":\"required name=search_term_string\"}],\"inLanguage\":\"uk\"},{\"@type\":\"WebPage\",\"@id\":\"https:\/\/bp-international.info\/impressum\/#webpage\",\"url\":\"https:\/\/bp-international.info\/impressum\/\",\"name\":\"Impressum - B&amp;P | Projektentwicklungsgesellschaft mbH\",\"isPartOf\":{\"@id\":\"https:\/\/bp-international.info\/#website\"},\"datePublished\":\"2019-05-28T22:56:44+00:00\",\"dateModified\":\"2022-03-17T09:20:18+00:00\",\"breadcrumb\":{\"@id\":\"https:\/\/bp-international.info\/impressum\/#breadcrumb\"},\"inLanguage\":\"uk\",\"potentialAction\":[{\"@type\":\"ReadAction\",\"target\":[\"https:\/\/bp-international.info\/impressum\/\"]}]},{\"@type\":\"BreadcrumbList\",\"@id\":\"https:\/\/bp-international.info\/impressum\/#breadcrumb\",\"itemListElement\":[{\"@type\":\"ListItem\",\"position\":1,\"name\":\"Startseite\",\"item\":\"https:\/\/bp-international.info\/\"},{\"@type\":\"ListItem\",\"position\":2,\"name\":\"Impressum\"}]}]}<\/script>\n<!-- \/ Yoast SEO plugin. -->","yoast_head_json":{"title":"Impressum - B&amp;P | Projektentwicklungsgesellschaft mbH","robots":{"index":"index","follow":"follow","max-snippet":"max-snippet:-1","max-image-preview":"max-image-preview:large","max-video-preview":"max-video-preview:-1"},"canonical":"https:\/\/bp-international.info\/uk\/impressum\/","og_locale":"uk_UA","og_type":"article","og_title":"Impressum - B&amp;P | Projektentwicklungsgesellschaft mbH","og_url":"https:\/\/bp-international.info\/uk\/impressum\/","og_site_name":"B&amp;P | Projektentwicklungsgesellschaft mbH","article_modified_time":"2022-03-17T09:20:18+00:00","twitter_card":"summary_large_image","twitter_misc":{"\u041f\u0440\u0438\u0431\u043b. \u0447\u0430\u0441 \u0447\u0438\u0442\u0430\u043d\u043d\u044f":"2 \u0445\u0432\u0438\u043b\u0438\u043d\u0438"},"schema":{"@context":"https:\/\/schema.org","@graph":[{"@type":"WebSite","@id":"https:\/\/bp-international.info\/#website","url":"https:\/\/bp-international.info\/","name":"B&amp;P | Projektentwicklungsgesellschaft mbH","description":"Planen - Bauen - Finanzieren - Vermarkten","potentialAction":[{"@type":"SearchAction","target":{"@type":"EntryPoint","urlTemplate":"https:\/\/bp-international.info\/?s={search_term_string}"},"query-input":"required name=search_term_string"}],"inLanguage":"uk"},{"@type":"WebPage","@id":"https:\/\/bp-international.info\/impressum\/#webpage","url":"https:\/\/bp-international.info\/impressum\/","name":"Impressum - B&amp;P | Projektentwicklungsgesellschaft mbH","isPartOf":{"@id":"https:\/\/bp-international.info\/#website"},"datePublished":"2019-05-28T22:56:44+00:00","dateModified":"2022-03-17T09:20:18+00:00","breadcrumb":{"@id":"https:\/\/bp-international.info\/impressum\/#breadcrumb"},"inLanguage":"uk","potentialAction":[{"@type":"ReadAction","target":["https:\/\/bp-international.info\/impressum\/"]}]},{"@type":"BreadcrumbList","@id":"https:\/\/bp-international.info\/impressum\/#breadcrumb","itemListElement":[{"@type":"ListItem","position":1,"name":"Startseite","item":"https:\/\/bp-international.info\/"},{"@type":"ListItem","position":2,"name":"Impressum"}]}]}},"_links":{"self":[{"href":"https:\/\/bp-international.info\/uk\/wp-json\/wp\/v2\/pages\/74"}],"collection":[{"href":"https:\/\/bp-international.info\/uk\/wp-json\/wp\/v2\/pages"}],"about":[{"href":"https:\/\/bp-international.info\/uk\/wp-json\/wp\/v2\/types\/page"}],"author":[{"embeddable":true,"href":"https:\/\/bp-international.info\/uk\/wp-json\/wp\/v2\/users\/1"}],"replies":[{"embeddable":true,"href":"https:\/\/bp-international.info\/uk\/wp-json\/wp\/v2\/comments?post=74"}],"version-history":[{"count":13,"href":"https:\/\/bp-international.info\/uk\/wp-json\/wp\/v2\/pages\/74\/revisions"}],"predecessor-version":[{"id":721,"href":"https:\/\/bp-international.info\/uk\/wp-json\/wp\/v2\/pages\/74\/revisions\/721"}],"wp:attachment":[{"href":"https:\/\/bp-international.info\/uk\/wp-json\/wp\/v2\/media?parent=74"}],"curies":[{"name":"wp","href":"https:\/\/api.w.org\/{rel}","templated":true}]}}