{"id":2,"date":"2016-05-10T03:48:21","date_gmt":"2016-05-10T03:48:21","guid":{"rendered":"http:\/\/dki-gesellschaft.de\/?page_id=2"},"modified":"2022-04-16T20:00:21","modified_gmt":"2022-04-16T20:00:21","slug":"startseite","status":"publish","type":"page","link":"https:\/\/bp-international.info\/uk\/","title":{"rendered":"Startseite"},"content":{"rendered":"<div id=\"planning\" data-vc-full-width=\"true\" data-vc-full-width-init=\"false\" data-vc-parallax=\"1.5\" data-vc-parallax-image=\"https:\/\/bp-international.info\/wp-content\/uploads\/2020\/12\/plan.png\" class=\"vc_row wpb_row vc_row-fluid vc_custom_1650138690337 vc_row-has-fill vc_row-o-full-height vc_row-o-columns-middle vc_row-flex vc_general vc_parallax vc_parallax-content-moving\"><div class=\"wpb_column vc_column_container vc_col-sm-12\"><div class=\"vc_column-inner\"><div class=\"wpb_wrapper\"><h2 style=\"text-align: center\" class=\"vc_custom_heading vc_custom_1650135383491\" >Planung &amp; Konstruktion<\/h2>\n\t<div class=\"wpb_text_column wpb_content_element\" >\n\t\t<div class=\"wpb_wrapper\">\n\t\t\t<p style=\"text-align: center;\">Unsere Projekte bestechen durch ihren einzigartigen L\u00f6sungsansatz komplexer Designprobleme, unabh\u00e4ngig von Umfang und Art. Das Planungsteam verf\u00fcgt \u00fcber umfassende Erfahrungen und eine nachweisliche Erfolgsbilanz beim Bau von milit\u00e4rischen und zivilen Einrichtungen sowohl in strukturschwachen L\u00e4ndern\u00a0\u2013 insbesondere in Kriegs- und Krisengebieten\u00a0\u2013 als auch in Industriel\u00e4ndern und urbanen R\u00e4umen.<\/p>\n<p>&nbsp;<\/p>\n<p style=\"text-align: center;\"><strong>Tempor\u00e4re &amp; permanente Anlagen<\/strong><\/p>\n<p style=\"text-align: center;\">Wir bieten Planungs- und Baudienstleistungen f\u00fcr tempor\u00e4re und permanente Anlagen, speziell f\u00fcr industrielle Infrastrukturen in abgelegenen Gebieten. Zu den tempor\u00e4ren Optionen geh\u00f6ren Camps mit Zelten, Containerunterk\u00fcnfte und vorgefertigte Konstruktionen.<\/p>\n<p>&nbsp;<\/p>\n<p style=\"text-align: center;\"><strong>Alles aus einer Hand von Anfang bis Ende<\/strong><\/p>\n<p style=\"text-align: center;\">Wir bieten eine breite Palette von Baul\u00f6sungen, einschlie\u00dflich der Vorbereitung des Gel\u00e4ndes vor dem Bau von tempor\u00e4ren und permanenten Geb\u00e4uden und Infrastrukturma\u00dfnahmen wie Stra\u00dfen, Gehwegen, Parkpl\u00e4tzen, Landschaftsbau, Umz\u00e4unungen und Schutzkonstruktionen.<\/p>\n<p style=\"text-align: center;\">Unser Baumanagement-Prozess integriert Planung, Beschaffung und Konstruktion von Anfang bis Ende.<\/p>\n\n\t\t<\/div>\n\t<\/div>\n<div class=\"vc_empty_space\"   style=\"height: 32px\"><span class=\"vc_empty_space_inner\"><\/span><\/div><div class=\"vc_empty_space\"   style=\"height: 32px\"><span class=\"vc_empty_space_inner\"><\/span><\/div><\/div><\/div><\/div><\/div><div class=\"vc_row-full-width vc_clearfix\"><\/div><div id=\"services\" data-vc-full-width=\"true\" data-vc-full-width-init=\"false\" class=\"vc_row wpb_row vc_row-fluid vc_custom_1650136797166 vc_row-has-fill vc_row-o-full-height vc_row-o-columns-middle vc_row-flex\"><div class=\"wpb_column vc_column_container vc_col-sm-12\"><div class=\"vc_column-inner\"><div class=\"wpb_wrapper\"><h2 style=\"text-align: center\" class=\"vc_custom_heading vc_custom_1650135791086\" >Services<\/h2><div class=\"vc_empty_space\"   style=\"height: 15px\"><span class=\"vc_empty_space_inner\"><\/span><\/div>\n\t<div class=\"wpb_text_column wpb_content_element\" >\n\t\t<div class=\"wpb_wrapper\">\n\t\t\t<p style=\"text-align: center;\"><strong>Spezialisiert auf strukturschwache L\u00e4nder \u2013 insbesondere in Kriegs- und Krisengebiete<\/strong><\/p>\n<p style=\"text-align: center;\">Wir bieten unter anderem folgende L\u00f6sungen f\u00fcr anspruchsvolle Umgebungen:<\/p>\n\n\t\t<\/div>\n\t<\/div>\n<div class=\"vc_empty_space\"   style=\"height: 25px\"><span class=\"vc_empty_space_inner\"><\/span><\/div><div class=\"vc_row wpb_row vc_inner vc_row-fluid\"><div class=\"wpb_column vc_column_container vc_col-sm-1\/5\"><div class=\"vc_column-inner vc_custom_1607430916209\"><div class=\"wpb_wrapper\"><div class=\"vc_icon_element vc_icon_element-outer vc_icon_element-align-center\"><div class=\"vc_icon_element-inner vc_icon_element-color-custom vc_icon_element-size-xl vc_icon_element-style- vc_icon_element-background-color-grey\" ><span class=\"vc_icon_element-icon vc-material vc-material-check_box\" style=\"color:#d7b56d !important\"><\/span><\/div><\/div>\n\t<div class=\"wpb_text_column wpb_content_element\" >\n\t\t<div class=\"wpb_wrapper\">\n\t\t\t<p style=\"text-align: center;\"><b>Bau &amp; Konstruktion<\/b><\/p>\n\n\t\t<\/div>\n\t<\/div>\n<\/div><\/div><\/div><div class=\"wpb_column vc_column_container vc_col-sm-1\/5\"><div class=\"vc_column-inner vc_custom_1607430921022\"><div class=\"wpb_wrapper\"><div class=\"vc_icon_element vc_icon_element-outer vc_icon_element-align-center\"><div class=\"vc_icon_element-inner vc_icon_element-color-custom vc_icon_element-size-xl vc_icon_element-style- vc_icon_element-background-color-grey\" ><span class=\"vc_icon_element-icon vc-material vc-material-check_box\" style=\"color:#d7b56d !important\"><\/span><\/div><\/div>\n\t<div class=\"wpb_text_column wpb_content_element\" >\n\t\t<div class=\"wpb_wrapper\">\n\t\t\t<p style=\"text-align: center;\"><b>Abbruch &amp; R\u00fcckbau<\/b><\/p>\n\n\t\t<\/div>\n\t<\/div>\n<\/div><\/div><\/div><div class=\"wpb_column vc_column_container vc_col-sm-1\/5\"><div class=\"vc_column-inner vc_custom_1607430925929\"><div class=\"wpb_wrapper\"><div class=\"vc_icon_element vc_icon_element-outer vc_icon_element-align-center\"><div class=\"vc_icon_element-inner vc_icon_element-color-custom vc_icon_element-size-xl vc_icon_element-style- vc_icon_element-background-color-grey\" ><span class=\"vc_icon_element-icon vc-material vc-material-check_box\" style=\"color:#d7b56d !important\"><\/span><\/div><\/div>\n\t<div class=\"wpb_text_column wpb_content_element\" >\n\t\t<div class=\"wpb_wrapper\">\n\t\t\t<p style=\"text-align: center;\"><b>Tr\u00fcmmerbeseitigung<\/b><\/p>\n\n\t\t<\/div>\n\t<\/div>\n<\/div><\/div><\/div><div class=\"wpb_column vc_column_container vc_col-sm-1\/5\"><div class=\"vc_column-inner vc_custom_1650136416882\"><div class=\"wpb_wrapper\"><div class=\"vc_icon_element vc_icon_element-outer vc_icon_element-align-center\"><div class=\"vc_icon_element-inner vc_icon_element-color-custom vc_icon_element-size-xl vc_icon_element-style- vc_icon_element-background-color-grey\" ><span class=\"vc_icon_element-icon vc-material vc-material-check_box\" style=\"color:#d7b56d !important\"><\/span><\/div><\/div>\n\t<div class=\"wpb_text_column wpb_content_element\" >\n\t\t<div class=\"wpb_wrapper\">\n\t\t\t<p style=\"text-align: center;\"><b>Versorgung &amp; Logistik<\/b><\/p>\n\n\t\t<\/div>\n\t<\/div>\n<\/div><\/div><\/div><div class=\"wpb_column vc_column_container vc_col-sm-1\/5\"><div class=\"vc_column-inner vc_custom_1650136427597\"><div class=\"wpb_wrapper\"><div class=\"vc_icon_element vc_icon_element-outer vc_icon_element-align-center\"><div class=\"vc_icon_element-inner vc_icon_element-color-custom vc_icon_element-size-xl vc_icon_element-style- vc_icon_element-background-color-grey\" ><span class=\"vc_icon_element-icon vc-material vc-material-check_box\" style=\"color:#d7b56d !important\"><\/span><\/div><\/div>\n\t<div class=\"wpb_text_column wpb_content_element\" >\n\t\t<div class=\"wpb_wrapper\">\n\t\t\t<p style=\"text-align: center;\"><b>Tempor\u00e4re Unterk\u00fcnfte<\/b><\/p>\n\n\t\t<\/div>\n\t<\/div>\n<\/div><\/div><\/div><\/div><\/div><\/div><\/div><\/div><div class=\"vc_row-full-width vc_clearfix\"><\/div><div id=\"facility\" data-vc-full-width=\"true\" data-vc-full-width-init=\"false\" data-vc-parallax=\"1.5\" data-vc-parallax-o-fade=\"on\" class=\"vc_row wpb_row vc_row-fluid vc_custom_1650137561669 vc_row-has-fill vc_row-o-full-height vc_row-o-columns-middle vc_row-flex vc_general vc_parallax vc_parallax-content-moving-fade js-vc_parallax-o-fade\"><div class=\"wpb_column vc_column_container vc_col-sm-12\"><div class=\"vc_column-inner\"><div class=\"wpb_wrapper\"><h2 style=\"text-align: center\" class=\"vc_custom_heading vc_custom_1650136815160\" >Facility Management<\/h2>\n\t<div class=\"wpb_text_column wpb_content_element\" >\n\t\t<div class=\"wpb_wrapper\">\n\t\t\t<p style=\"text-align: center;\">Wir liefern alle Facetten des Geb\u00e4ude- und Instandhaltungsmanagements<\/p>\n<p>&nbsp;<\/p>\n<p style=\"text-align: center;\"><strong>Grund- und Unterhaltsreinigung<\/strong><\/p>\n<p style=\"text-align: center;\"><strong>Fassaden und Fenster<\/strong><\/p>\n<p style=\"text-align: center;\"><strong>Reparaturen<\/strong><\/p>\n<p style=\"text-align: center;\"><strong>Wasserversorgung<\/strong><\/p>\n<p style=\"text-align: center;\"><strong>Heizungssysteme<\/strong><\/p>\n\n\t\t<\/div>\n\t<\/div>\n<div class=\"vc_empty_space\"   style=\"height: 25px\"><span class=\"vc_empty_space_inner\"><\/span><\/div><\/div><\/div><\/div><\/div><div class=\"vc_row-full-width vc_clearfix\"><\/div><div id=\"infrastructure\" data-vc-full-width=\"true\" data-vc-full-width-init=\"false\" class=\"vc_row wpb_row vc_row-fluid vc_custom_1650139215231 vc_row-has-fill vc_row-o-full-height vc_row-o-columns-middle vc_row-flex\"><div class=\"wpb_column vc_column_container vc_col-sm-12\"><div class=\"vc_column-inner\"><div class=\"wpb_wrapper\"><h2 style=\"text-align: center\" class=\"vc_custom_heading vc_custom_1650137853086\" id=\"infrastructure\">Infrastruktur<\/h2><div class=\"vc_row wpb_row vc_inner vc_row-fluid\"><div class=\"wpb_column vc_column_container vc_col-sm-12\"><div class=\"vc_column-inner\"><div class=\"wpb_wrapper\">\n\t<div class=\"wpb_text_column wpb_content_element\" >\n\t\t<div class=\"wpb_wrapper\">\n\t\t\t<p style=\"text-align: center;\">\u00a0Wir planen und bauen auch wichtige Infrastrukturma\u00dfnahmen:<\/p>\n<p>&nbsp;<\/p>\n<p style=\"text-align: center;\"><strong>Stra\u00dfen<\/strong><\/p>\n<p style=\"text-align: center;\"><strong>Anlagen zur Stromerzeugung<\/strong><\/p>\n<p style=\"text-align: center;\"><strong>Anlagen zur Wasseraufbereitung <\/strong><\/p>\n<p style=\"text-align: center;\"><strong>Anlagen zur Abfall- und Gefahrgutentsorgung<\/strong><\/p>\n\n\t\t<\/div>\n\t<\/div>\n<\/div><\/div><\/div><\/div><\/div><\/div><\/div><\/div><div class=\"vc_row-full-width vc_clearfix\"><\/div><div id=\"logistic\" data-vc-full-width=\"true\" data-vc-full-width-init=\"false\" data-vc-parallax=\"1.5\" data-vc-parallax-image=\"https:\/\/bp-international.info\/wp-content\/uploads\/2022\/04\/logistic.jpg\" class=\"vc_row wpb_row vc_row-fluid vc_custom_1650139204876 vc_row-has-fill vc_row-o-full-height vc_row-o-columns-middle vc_row-flex vc_general vc_parallax vc_parallax-content-moving\"><div class=\"wpb_column vc_column_container vc_col-sm-12 vc_col-has-fill\"><div class=\"vc_column-inner vc_custom_1650138586554\"><div class=\"wpb_wrapper\"><h2 style=\"text-align: center\" class=\"vc_custom_heading vc_custom_1650137891550\" >Logistik<\/h2>\n\t<div class=\"wpb_text_column wpb_content_element\" >\n\t\t<div class=\"wpb_wrapper\">\n\t\t\t<p style=\"text-align: center;\">Wir bieten Betrieb, Wartung und Vermietung von Fahrzeugen sowie Transportdienstleistungen. Im Rahmen unserer Flottenmanagement- und Betriebsdienstleistungen vermitteln wir Fahrer und f\u00fchren die komplette Wartung sowie Unfall- und Kleinreparaturen durch.<\/p>\n<p style=\"text-align: center;\">Unser Flottenmanagement verwaltet den gesamten Fuhrpark des Unternehmens, einschlie\u00dflich Transportsysteme und Baumaschinen. Es k\u00fcmmert sich um Betrieb und Wartung, Instandhaltung, Reparaturen, Bereitstellung von Ersatzteilen und Verbrauchsmaterial, Fahrzeugverfolgung und Austausch. Wir bieten alle Arten von schwerem Ger\u00e4t zur Kurz- oder Langzeitmiete, mit oder ohne Bedienpersonal.<\/p>\n\n\t\t<\/div>\n\t<\/div>\n<div class=\"vc_empty_space\"   style=\"height: 25px\"><span class=\"vc_empty_space_inner\"><\/span><\/div><\/div><\/div><\/div><\/div><div class=\"vc_row-full-width vc_clearfix\"><\/div>","protected":false},"excerpt":{"rendered":"Planung &amp; Konstruktion Unsere Projekte bestechen durch ihren einzigartigen L\u00f6sungsansatz komplexer Designprobleme, unabh\u00e4ngig von Umfang und Art. Das Planungsteam verf\u00fcgt \u00fcber umfassende Erfahrungen und eine nachweisliche Erfolgsbilanz beim Bau von milit\u00e4rischen und zivilen Einrichtungen sowohl in strukturschwachen L\u00e4ndern\u00a0\u2013 insbesondere in Kriegs- und Krisengebieten\u00a0\u2013 als auch in Industriel\u00e4ndern und urbanen R\u00e4umen. &nbsp; Tempor\u00e4re &amp; permanente Anlagen [...]","protected":false},"author":1,"featured_media":0,"parent":0,"menu_order":0,"comment_status":"closed","ping_status":"open","template":"","meta":[],"yoast_head":"<!-- This site is optimized with the Yoast SEO plugin v18.5.1 - https:\/\/yoast.com\/wordpress\/plugins\/seo\/ -->\n<title>Startseite - B&amp;P | Projektentwicklungsgesellschaft mbH<\/title>\n<meta name=\"robots\" content=\"index, follow, max-snippet:-1, max-image-preview:large, max-video-preview:-1\" \/>\n<link rel=\"canonical\" href=\"https:\/\/bp-international.info\/uk\/\" \/>\n<meta property=\"og:locale\" content=\"uk_UA\" \/>\n<meta property=\"og:type\" content=\"article\" \/>\n<meta property=\"og:title\" content=\"Startseite - B&amp;P | Projektentwicklungsgesellschaft mbH\" \/>\n<meta property=\"og:url\" content=\"https:\/\/bp-international.info\/uk\/\" \/>\n<meta property=\"og:site_name\" content=\"B&amp;P | Projektentwicklungsgesellschaft mbH\" \/>\n<meta property=\"article:modified_time\" content=\"2022-04-16T20:00:21+00:00\" \/>\n<meta name=\"twitter:card\" content=\"summary_large_image\" \/>\n<meta name=\"twitter:label1\" content=\"\u041f\u0440\u0438\u0431\u043b. \u0447\u0430\u0441 \u0447\u0438\u0442\u0430\u043d\u043d\u044f\" \/>\n\t<meta name=\"twitter:data1\" content=\"2 \u0445\u0432\u0438\u043b\u0438\u043d\u0438\" \/>\n<script type=\"application\/ld+json\" class=\"yoast-schema-graph\">{\"@context\":\"https:\/\/schema.org\",\"@graph\":[{\"@type\":\"WebSite\",\"@id\":\"https:\/\/bp-international.info\/#website\",\"url\":\"https:\/\/bp-international.info\/\",\"name\":\"B&amp;P | Projektentwicklungsgesellschaft mbH\",\"description\":\"Planen - Bauen - Finanzieren - Vermarkten\",\"potentialAction\":[{\"@type\":\"SearchAction\",\"target\":{\"@type\":\"EntryPoint\",\"urlTemplate\":\"https:\/\/bp-international.info\/?s={search_term_string}\"},\"query-input\":\"required name=search_term_string\"}],\"inLanguage\":\"uk\"},{\"@type\":\"WebPage\",\"@id\":\"https:\/\/bp-international.info\/#webpage\",\"url\":\"https:\/\/bp-international.info\/\",\"name\":\"Startseite - B&amp;P | Projektentwicklungsgesellschaft mbH\",\"isPartOf\":{\"@id\":\"https:\/\/bp-international.info\/#website\"},\"datePublished\":\"2016-05-10T03:48:21+00:00\",\"dateModified\":\"2022-04-16T20:00:21+00:00\",\"breadcrumb\":{\"@id\":\"https:\/\/bp-international.info\/#breadcrumb\"},\"inLanguage\":\"uk\",\"potentialAction\":[{\"@type\":\"ReadAction\",\"target\":[\"https:\/\/bp-international.info\/\"]}]},{\"@type\":\"BreadcrumbList\",\"@id\":\"https:\/\/bp-international.info\/#breadcrumb\",\"itemListElement\":[{\"@type\":\"ListItem\",\"position\":1,\"name\":\"Startseite\",\"item\":\"https:\/\/bp-international.info\/\"},{\"@type\":\"ListItem\",\"position\":2,\"name\":\"Startseite\"}]}]}<\/script>\n<!-- \/ Yoast SEO plugin. -->","yoast_head_json":{"title":"Startseite - B&amp;P | Projektentwicklungsgesellschaft mbH","robots":{"index":"index","follow":"follow","max-snippet":"max-snippet:-1","max-image-preview":"max-image-preview:large","max-video-preview":"max-video-preview:-1"},"canonical":"https:\/\/bp-international.info\/uk\/","og_locale":"uk_UA","og_type":"article","og_title":"Startseite - B&amp;P | Projektentwicklungsgesellschaft mbH","og_url":"https:\/\/bp-international.info\/uk\/","og_site_name":"B&amp;P | Projektentwicklungsgesellschaft mbH","article_modified_time":"2022-04-16T20:00:21+00:00","twitter_card":"summary_large_image","twitter_misc":{"\u041f\u0440\u0438\u0431\u043b. \u0447\u0430\u0441 \u0447\u0438\u0442\u0430\u043d\u043d\u044f":"2 \u0445\u0432\u0438\u043b\u0438\u043d\u0438"},"schema":{"@context":"https:\/\/schema.org","@graph":[{"@type":"WebSite","@id":"https:\/\/bp-international.info\/#website","url":"https:\/\/bp-international.info\/","name":"B&amp;P | Projektentwicklungsgesellschaft mbH","description":"Planen - Bauen - Finanzieren - Vermarkten","potentialAction":[{"@type":"SearchAction","target":{"@type":"EntryPoint","urlTemplate":"https:\/\/bp-international.info\/?s={search_term_string}"},"query-input":"required name=search_term_string"}],"inLanguage":"uk"},{"@type":"WebPage","@id":"https:\/\/bp-international.info\/#webpage","url":"https:\/\/bp-international.info\/","name":"Startseite - B&amp;P | Projektentwicklungsgesellschaft mbH","isPartOf":{"@id":"https:\/\/bp-international.info\/#website"},"datePublished":"2016-05-10T03:48:21+00:00","dateModified":"2022-04-16T20:00:21+00:00","breadcrumb":{"@id":"https:\/\/bp-international.info\/#breadcrumb"},"inLanguage":"uk","potentialAction":[{"@type":"ReadAction","target":["https:\/\/bp-international.info\/"]}]},{"@type":"BreadcrumbList","@id":"https:\/\/bp-international.info\/#breadcrumb","itemListElement":[{"@type":"ListItem","position":1,"name":"Startseite","item":"https:\/\/bp-international.info\/"},{"@type":"ListItem","position":2,"name":"Startseite"}]}]}},"_links":{"self":[{"href":"https:\/\/bp-international.info\/uk\/wp-json\/wp\/v2\/pages\/2"}],"collection":[{"href":"https:\/\/bp-international.info\/uk\/wp-json\/wp\/v2\/pages"}],"about":[{"href":"https:\/\/bp-international.info\/uk\/wp-json\/wp\/v2\/types\/page"}],"author":[{"embeddable":true,"href":"https:\/\/bp-international.info\/uk\/wp-json\/wp\/v2\/users\/1"}],"replies":[{"embeddable":true,"href":"https:\/\/bp-international.info\/uk\/wp-json\/wp\/v2\/comments?post=2"}],"version-history":[{"count":360,"href":"https:\/\/bp-international.info\/uk\/wp-json\/wp\/v2\/pages\/2\/revisions"}],"predecessor-version":[{"id":752,"href":"https:\/\/bp-international.info\/uk\/wp-json\/wp\/v2\/pages\/2\/revisions\/752"}],"wp:attachment":[{"href":"https:\/\/bp-international.info\/uk\/wp-json\/wp\/v2\/media?parent=2"}],"curies":[{"name":"wp","href":"https:\/\/api.w.org\/{rel}","templated":true}]}}